{"id":692,"date":"2018-03-06T14:38:56","date_gmt":"2018-03-06T13:38:56","guid":{"rendered":"http:\/\/www.schrenteweinhof.com\/?page_id=692"},"modified":"2025-04-08T12:13:16","modified_gmt":"2025-04-08T10:13:16","slug":"storia-servizi","status":"publish","type":"page","link":"https:\/\/www.schrenteweinhof.com\/it\/maso\/storia-servizi\/","title":{"rendered":"La storia dell\u2019azienda agricola Schrenteweinhof"},"content":{"rendered":"<p>La prima documentazione storica dello Schrenteweinhof risale al 1749.<br \/>\nDal 1905 il maso \u00e8 di propriet\u00e0 della Famiglia Karnutsch.<br \/>\nGi\u00e0 dagli anni 60 al Schrenteweinhof furono affittate camere.<br \/>\nL\u2019azienda agricola \u00e8 stata rinnovata e oggi troverete all\u2019interno del maso spaziosi accoglienti appartamenti per le vostre vacanze.<\/p>\n<p><strong>Croccante, succosa, appena raccolta dall\u2019albero\u2026<\/strong><br \/>\nIl punto forte della nostra azienda agricola sta nella produzione delle mele eseguita secondo le linee guida della coltivazione integrata.<br \/>\nNell\u2019antica cantina di vini del nostro maso noi produciamo inoltre una modesta quantit\u00e0 di vino.<\/p>\n<p><strong>Che cosa dovreste sapere durante la vostra permanenza<\/strong><\/p>\n<p>Per farvi sentire bene da noi vi offriamo i seguenti servizi:<\/p>\n<ul id=\"accordion\">\n<li><a>Parcheggio<\/a>\n<ul>\n<li>Per i nostri ospiti c\u2018\u00e8 a disposizione un grande parcheggio parzialmente coperto. Anche per le vostre biciclette c\u2019\u00e8 un garage coperto.<\/li>\n<\/ul>\n<\/li>\n<li><a>Wifi<\/a>\n<ul>\n<li>Attraverso SuedtirolSpot, una grande rete internet di wireless Hotspots, offriamo ai nostri ospiti un facile e veloce accesso internet per Notebook, Smartphones e Tablet- Computer.<\/li>\n<\/ul>\n<\/li>\n<li><a>Servizio panificazione<\/a>\n<ul>\n<li>Lasciatevi viziare ogni mattina con il pane appena sfornato. \u00c8 sufficiente una vostra comunicazione entro le ore 17:00 della sera precedente per trovare dinanzi la porta della vostra stanza, il pane fresco. <a href=\"https:\/\/www.schrenteweinhof.com\/wp-content\/uploads\/2025\/04\/broetchenservice-2025.pdf\" target=\"_blank\" rel=\"noopener\">Cliccare qui per l&#8217;elenco delle selezioni<\/a>.<\/li>\n<\/ul>\n<\/li>\n<li><a>Il maso da vivere!<\/a>\n<ul>\n<li>Corsi di cucina, degustazione di vini e di mele, barbecue, un approfondimento nel mondo della coltivazione delle mele, da noi conoscerete da vicino la vera vita del maso!<\/li>\n<\/ul>\n<\/li>\n<li><a>Possibilit\u00e0 di grigliare<\/a>\n<ul>\n<li>Sulla nostra terrazza<\/li>\n<\/ul>\n<\/li>\n<li><a>Noleggio biciclette<\/a>\n<ul>\n<li>Su richiesta sono a vostra disposizione quattro biciclette (Citybikes).<\/li>\n<\/ul>\n<\/li>\n<li><a>Giochi e divertimento all\u2019aria aperta<\/a>\n<ul>\n<li>Calcio balilla, pallacanestro, racchette badminton, parco giochi con sabbiera, scivolo, altalena, cavallo a dondolo, Bobby car, trattore a pedali e monopattino. In estate, montiamo una piscina in giardino per farvi rinfrescare.<\/li>\n<\/ul>\n<\/li>\n<li><a>Servizio di lavanderia<\/a>\n<ul>\n<li>Su richiesta laviamo per voi i vostri capi di abbigliamento.<\/li>\n<\/ul>\n<\/li>\n<li><a>Libri e riviste<\/a>\n<ul>\n<li>Nel maso troverete una piccola biblioteca con svariati libri e riviste.<\/li>\n<\/ul>\n<\/li>\n<li><a>Giochi da interno<\/a>\n<ul>\n<li>Desiderate trascorrere una piacevole serata di gioco in vacanza? Da noi troverete i giochi da tavolo per i nostri ospiti piccoli e grandi.<\/li>\n<\/ul>\n<\/li>\n<li><a>In giro per la casa<\/a>\n<ul>\n<li>Intorno al nostro maso troverete numerosi spazi accoglienti, dove potrete rilassarvi.<br \/>\nNei periodi invernali la nostra stube con stufa in maiolica, diventa un punto d\u2019incontro.<\/li>\n<\/ul>\n<\/li>\n<li><a>Servizio Pick-up<\/a>\n<ul>\n<li>Dalla stazione ferroviaria o dalla fermata autobus, verrete accolti e accompagnati per il vostro arrivo e partenza.<\/li>\n<\/ul>\n<\/li>\n<li><a>Mobilcard S\u00fcdtirol<\/a>\n<ul>\n<li>La Mobil car S\u00fcdtirol vi consente, di utilizzare senza limiti tutti i mezzi di trasporto pubblici in Alto Adige per uno, tre o fino a sette giorni consecutivi. La potrete trovare presso l\u2019ufficio tristico di Lana o su richiesta da noi. <a href=\"http:\/\/www.mobilcard.info\" target=\"_blank\" rel=\"noopener\">www.mobilcard.info<\/a><\/li>\n<\/ul>\n<\/li>\n<li><a>Le nostre misure di sicurezza Covid 19<\/a>\n<ul>\n<li>Disponibile a breve.<\/li>\n<\/ul>\n<\/li>\n<\/ul>\n<p><strong>L\u2019ospite \u00e9 per noi il fulcro<\/strong><br \/>\nEsaudiamo molto volentieri I vostri desideri personali o le vostre necessit\u00e0. Siamo a vostra disposizione in qualsiasi ora del giorno e della notte nel caso vi dovesse servire il nostro aiuto. Troverete qualcuno della nostra famiglia al piano terra del nostro maso sempre al vostro servizio. In tutti gli altri casi, saremo raggiungibili telefonicamente, e ci prenderemo cura di voi immediatamente.<\/p>\n<p>Nr. Cellulare Patrizia: <a href=\"tel:00393331500531\">+39 333 1500 531<\/a><br \/>\nTel. Schrenteweinhof: <a href=\"tel:00390473562107\">+39 0473 562 107<\/a><\/p>\n","protected":false},"excerpt":{"rendered":"<p>La prima documentazione storica dello Schrenteweinhof risale al 1749. Dal 1905 il maso \u00e8 di propriet\u00e0 della Famiglia Karnutsch. Gi\u00e0 dagli anni 60 al Schrenteweinhof furono affittate camere. L\u2019azienda agricola \u00e8 stata rinnovata e oggi troverete all\u2019interno del maso spaziosi accoglienti appartamenti per le vostre vacanze. Croccante, succosa, appena raccolta dall\u2019albero\u2026 Il punto forte della [&hellip;]<\/p>\n","protected":false},"author":1,"featured_media":221,"parent":672,"menu_order":0,"comment_status":"closed","ping_status":"closed","template":"page-detail.php","meta":{"footnotes":""},"class_list":["post-692","page","type-page","status-publish","has-post-thumbnail","hentry"],"_links":{"self":[{"href":"https:\/\/www.schrenteweinhof.com\/it\/wp-json\/wp\/v2\/pages\/692","targetHints":{"allow":["GET"]}}],"collection":[{"href":"https:\/\/www.schrenteweinhof.com\/it\/wp-json\/wp\/v2\/pages"}],"about":[{"href":"https:\/\/www.schrenteweinhof.com\/it\/wp-json\/wp\/v2\/types\/page"}],"author":[{"embeddable":true,"href":"https:\/\/www.schrenteweinhof.com\/it\/wp-json\/wp\/v2\/users\/1"}],"replies":[{"embeddable":true,"href":"https:\/\/www.schrenteweinhof.com\/it\/wp-json\/wp\/v2\/comments?post=692"}],"version-history":[{"count":0,"href":"https:\/\/www.schrenteweinhof.com\/it\/wp-json\/wp\/v2\/pages\/692\/revisions"}],"up":[{"embeddable":true,"href":"https:\/\/www.schrenteweinhof.com\/it\/wp-json\/wp\/v2\/pages\/672"}],"wp:featuredmedia":[{"embeddable":true,"href":"https:\/\/www.schrenteweinhof.com\/it\/wp-json\/wp\/v2\/media\/221"}],"wp:attachment":[{"href":"https:\/\/www.schrenteweinhof.com\/it\/wp-json\/wp\/v2\/media?parent=692"}],"curies":[{"name":"wp","href":"https:\/\/api.w.org\/{rel}","templated":true}]}}