{"id":682,"date":"2018-03-06T14:09:27","date_gmt":"2018-03-06T13:09:27","guid":{"rendered":"http:\/\/www.schrenteweinhof.com\/?page_id=682"},"modified":"2018-03-06T14:46:20","modified_gmt":"2018-03-06T13:46:20","slug":"landhaus","status":"publish","type":"page","link":"https:\/\/www.schrenteweinhof.com\/it\/landhaus\/","title":{"rendered":"\u2026lasciarsi semplicemente coccolare!"},"content":{"rendered":"<p>Tutto ci\u00f2 che desiderate, sia come coppia, che come famiglia!<br \/>\nFelicit\u00e0 in vacanza fra una risata e una sana ospitalit\u00e0.<br \/>\nUna vera atmosfera di benessere, il calore di una gestione famigliare e la quiete immersa fra vigneti e frutteti vi entusiasmeranno.<br \/>\nUna vacanza che rimarr\u00e0 impressa a lungo nei vostri ricordi.<\/p>\n<p>Provate di persona!<\/p>\n","protected":false},"excerpt":{"rendered":"<p>Tutto ci\u00f2 che desiderate, sia come coppia, che come famiglia! Felicit\u00e0 in vacanza fra una risata e una sana ospitalit\u00e0. Una vera atmosfera di benessere, il calore di una gestione famigliare e la quiete immersa fra vigneti e frutteti vi entusiasmeranno. Una vacanza che rimarr\u00e0 impressa a lungo nei vostri ricordi. Provate di persona!<\/p>\n","protected":false},"author":1,"featured_media":951,"parent":0,"menu_order":0,"comment_status":"closed","ping_status":"closed","template":"page-landhaus.php","meta":{"footnotes":""},"class_list":["post-682","page","type-page","status-publish","has-post-thumbnail","hentry"],"_links":{"self":[{"href":"https:\/\/www.schrenteweinhof.com\/it\/wp-json\/wp\/v2\/pages\/682","targetHints":{"allow":["GET"]}}],"collection":[{"href":"https:\/\/www.schrenteweinhof.com\/it\/wp-json\/wp\/v2\/pages"}],"about":[{"href":"https:\/\/www.schrenteweinhof.com\/it\/wp-json\/wp\/v2\/types\/page"}],"author":[{"embeddable":true,"href":"https:\/\/www.schrenteweinhof.com\/it\/wp-json\/wp\/v2\/users\/1"}],"replies":[{"embeddable":true,"href":"https:\/\/www.schrenteweinhof.com\/it\/wp-json\/wp\/v2\/comments?post=682"}],"version-history":[{"count":0,"href":"https:\/\/www.schrenteweinhof.com\/it\/wp-json\/wp\/v2\/pages\/682\/revisions"}],"wp:featuredmedia":[{"embeddable":true,"href":"https:\/\/www.schrenteweinhof.com\/it\/wp-json\/wp\/v2\/media\/951"}],"wp:attachment":[{"href":"https:\/\/www.schrenteweinhof.com\/it\/wp-json\/wp\/v2\/media?parent=682"}],"curies":[{"name":"wp","href":"https:\/\/api.w.org\/{rel}","templated":true}]}}