{"id":626,"date":"2018-03-05T11:48:57","date_gmt":"2018-03-05T10:48:57","guid":{"rendered":"http:\/\/www.schrenteweinhof.com\/?page_id=626"},"modified":"2018-05-24T11:27:39","modified_gmt":"2018-05-24T09:27:39","slug":"editoriale","status":"publish","type":"page","link":"https:\/\/www.schrenteweinhof.com\/it\/editoriale\/","title":{"rendered":"Editoriale"},"content":{"rendered":"<h3>Committente &amp; proprietario<\/h3>\n<p><strong>Schrenteweinhof<\/strong><br \/>\nVacanze in agriturismo a Lana<br \/>\nKarnutsch Hannes<br \/>\nVia Brandis 8<br \/>\nI-39011 Lana (BZ)<br \/>\nP-IVA: 02641110214<br \/>\n<a href=\"mailto:&#105;n&#102;o&#64;s&#99;hrent&#101;&#119;ein&#104;&#111;f.c&#111;&#109;\">in&#102;&#111;&#64;&#115;&#99;h&#114;ent&#101;&#119;einho&#102;.c&#111;m<\/a><\/p>\n<p><strong>Landhaus Schrentewein<\/strong><br \/>\nAffittacamere privati<br \/>\nPrantl Patrizia<br \/>\nVia Brandis 12<br \/>\nI-39011 Lana (BZ)<br \/>\nP-IVA: 02723490211<br \/>\n<a href=\"mailto:&#105;&#110;fo&#64;&#115;c&#104;re&#110;tewein&#104;o&#102;&#46;&#99;&#111;m\">&#105;&#110;fo&#64;s&#99;&#104;re&#110;t&#101;weinh&#111;&#102;&#46;&#99;o&#109;<\/a><\/p>\n<h3>Design, Programmierung &amp; CMS<\/h3>\n<p>ps-design<br \/>\nd. Pircher Stefan<br \/>\nVia Monte Luco 24<br \/>\nI-39011 Lana (BZ)<br \/>\nM +39 333 3914367<br \/>\n<a href=\"mailto:&#105;&#110;f&#111;&#64;p&#115;-d&#101;&#115;i&#103;n&#46;i&#116;\">inf&#111;&#64;p&#115;&#45;&#100;&#101;&#115;&#105;gn&#46;&#105;t<\/a><\/p>\n<h3>Foto e illustrazioni<\/h3>\n<p>Patrizia Prantl Karnutsch, Roter Hahn, Maria Gapp, Helmut Rier, Frieder Blickle, Marini Andreas, Teutsch Peter,<br \/>\n<a href=\"https:\/\/www.merano-suedtirol.it\/de\/lana-und-umgebung\/\" target=\"_blank\" rel=\"noopener\">Associazione turistica Lana e dintorni<\/a><\/p>\n<h3>Indicazioni &amp; avviso di responsabilit\u00e0<\/h3>\n<p>Tutte le dichiarazioni e i contenuti di questo sito sono stati controllati con cura. Ci\u00f2 nonostante non viene assunta alcuna responsabilit\u00e1 per la garanzia, la correttezza, la completezza e l\u2019aggiornamento dei dati. Il Schrenteweinhof non \u00e9 responsabile per i contenuti del sito che si riferiscono ai collegamenti ipertestuali. Questo vale anche per per gli altri siti internet. Ci riserviamo il diritto, di modificare, aggiornare o aggiungere informazioni ai dati e alle informazioni messi a disposizione.<\/p>\n<h3>Copyright<\/h3>\n<p>Concetto, struttura e contenuti di questo sito internet sono protetti dai diritti d\u2019autore. La riproduzione di informazioni o dati, in particolare l\u2019utilizzo di testi, parte di testi o materiale fotografico richiede il consenso preventivo da parte del Schrenteweinhof.<\/p>\n<h3>CMS-System<\/h3>\n<p>powered by <a href=\"http:\/\/it.wordpress.org\" target=\"_blank\" rel=\"noopener noreferrer\">WordPress<\/a><\/p>\n<h3 id=\"datenschutz\">Privacy<\/h3>\n<p>Ai sensi dell\u2019art. 13 del decreto legislativo n\u00b0 196 del 30 giugno 2003 e seguenti modifiche e completamenti informiamo, che tutti i dati che ci vengono inviati tramite il nosto sito internet rispettivamente tramite fax, e-mail o posta verranno raccolti e salvati. La nostra societ\u00e0 garantisce un trattamento dei dati personali ai sensi delle disposizioni di legge che rispetta i diritti fondamentali, la libert\u00e0 e la dignit\u00e0 della persona interessata con particolare riferimento alla segretezza, alla identit\u00e0 personale e il diritto di tutela dei dati personali. I dati personali elaborati dalla nostra societ\u00e0 non vengono divulgati.<\/p>\n<p><strong>Il titolare del trattamento dei dati personali \u00e8:<\/strong><br \/>\nSchrenteweinhof &amp; Landhaus Schrentewein, famiglia Prantl-Karnutsch &#8211; Via Brandis 12, I-39011 Lana (BZ), <a href=\"mailto:i&#110;fo&#64;&#115;&#99;h&#114;&#101;n&#116;&#101;&#119;einho&#102;&#46;&#99;&#111;m\">&#105;nfo&#64;&#115;c&#104;&#114;&#101;&#110;&#116;&#101;&#119;&#101;&#105;&#110;&#104;o&#102;.&#99;o&#109;<\/a><\/p>\n","protected":false},"excerpt":{"rendered":"<p>Committente &amp; proprietario Schrenteweinhof Vacanze in agriturismo a Lana Karnutsch Hannes Via Brandis 8 I-39011 Lana (BZ) P-IVA: 02641110214 Landhaus Schrentewein Affittacamere privati Prantl Patrizia Via Brandis 12 I-39011 Lana (BZ) P-IVA: 02723490211 Design, Programmierung &amp; CMS ps-design d. Pircher Stefan Via Monte Luco 24 I-39011 Lana (BZ) M +39 333 3914367 Foto e illustrazioni [&hellip;]<\/p>\n","protected":false},"author":1,"featured_media":266,"parent":0,"menu_order":0,"comment_status":"closed","ping_status":"closed","template":"","meta":{"footnotes":""},"class_list":["post-626","page","type-page","status-publish","has-post-thumbnail","hentry"],"_links":{"self":[{"href":"https:\/\/www.schrenteweinhof.com\/it\/wp-json\/wp\/v2\/pages\/626","targetHints":{"allow":["GET"]}}],"collection":[{"href":"https:\/\/www.schrenteweinhof.com\/it\/wp-json\/wp\/v2\/pages"}],"about":[{"href":"https:\/\/www.schrenteweinhof.com\/it\/wp-json\/wp\/v2\/types\/page"}],"author":[{"embeddable":true,"href":"https:\/\/www.schrenteweinhof.com\/it\/wp-json\/wp\/v2\/users\/1"}],"replies":[{"embeddable":true,"href":"https:\/\/www.schrenteweinhof.com\/it\/wp-json\/wp\/v2\/comments?post=626"}],"version-history":[{"count":0,"href":"https:\/\/www.schrenteweinhof.com\/it\/wp-json\/wp\/v2\/pages\/626\/revisions"}],"wp:featuredmedia":[{"embeddable":true,"href":"https:\/\/www.schrenteweinhof.com\/it\/wp-json\/wp\/v2\/media\/266"}],"wp:attachment":[{"href":"https:\/\/www.schrenteweinhof.com\/it\/wp-json\/wp\/v2\/media?parent=626"}],"curies":[{"name":"wp","href":"https:\/\/api.w.org\/{rel}","templated":true}]}}